{"id":336,"date":"2020-09-06T18:13:46","date_gmt":"2020-09-06T11:13:46","guid":{"rendered":"http:\/\/vfastfood.com\/?page_id=336"},"modified":"2021-01-09T19:02:50","modified_gmt":"2021-01-09T12:02:50","slug":"about-us","status":"publish","type":"page","link":"https:\/\/hachigl.vn\/en\/about-us\/","title":{"rendered":"About us"},"content":{"rendered":"\n<div class=\"wp-block-group\"><div class=\"wp-block-group__inner-container is-layout-flow wp-block-group-is-layout-flow\">\n<div class=\"wp-block-columns is-layout-flex wp-container-core-columns-is-layout-9d6595d7 wp-block-columns-is-layout-flex\">\n<div class=\"wp-block-column is-layout-flow wp-block-column-is-layout-flow\">\n<h2 class=\"wp-block-heading\"><strong>HACHI GIA LAI LIMITED COMPANY <\/strong><\/h2>\n\n\n\n<p><em>Nh\u1eadp kh\u1ea9u v\u00e0 ph\u00e2n ph\u1ed1i \u0111\u1ed9c quy\u1ec1n s\u1ea3n ph\u1ea9m kem F&amp;N t\u1ea1i Vi\u1ec7t Nam <\/em><\/p>\n<\/div>\n\n\n\n<div class=\"wp-block-column is-layout-flow wp-block-column-is-layout-flow\">\n<p>Head office : 04\/28 Tue Tinh street &#8211; Pleiku city &#8211; Gia Lai province, Vietnam<\/p>\n\n\n\n<p>HCM branch: 372 Huynh Van Banh street, ward 14, Phu Nhuan district, Ho Chi Minh city, Vietnam<\/p>\n\n\n\n<p>Tel: 02696 577 779 &#8211; 0983 023 25 &#8211;  Website: <a rel=\"noreferrer noopener\" href=\"https:\/\/hachigl.vn\/?fbclid=IwAR0gmI9UzWV1Gn5TkvYhyn-V_eUcSucR0eIPRb3KWBav8E4jsQmdBXAIGsw\" target=\"_blank\">https:\/\/hachigl.vn<\/a><\/p>\n<\/div>\n<\/div>\n\n\n\n<h2 class=\"wp-block-heading\">Introductions<strong> <\/strong><\/h2>\n\n\n\n<p><strong>Hachi Gia Lai <\/strong>l\u00e0 t\u00ean th\u01b0\u01a1ng hi\u1ec7u \u0111\u01b0\u1ee3c th\u00e0nh l\u1eadp t\u1eeb n\u0103m 2013. Trong ti\u1ebfng Nh\u1eadt, Hachi c\u00f3 ngh\u0129a l\u00e0 s\u1ed1 8. S\u1ed1 8 khi \u0111\u1eb7t n\u1eb1m ngang mang bi\u1ec3u t\u01b0\u1ee3ng trong to\u00e1n h\u1ecdc l\u00e0 v\u00f4 c\u1ef1c, ngh\u0129a l\u00e0 <strong>Kh\u00f4ng gi\u1edbi h\u1ea1n<\/strong>, kh\u00f4ng bao gi\u1edd \u0111\u1ea7u h\u00e0ng tr\u01b0\u1edbc nh\u1eefng kh\u00f3 kh\u0103n th\u1eed th\u00e1ch &#8211; m\u1ed9t ph\u1ea7n quan tr\u1ecdng g\u1eafn li\u1ec1n v\u1edbi v\u0103n h\u00f3a c\u1ee7a c\u00f4ng ty.<\/p>\n\n\n\n<p>T\u1eeb n\u0103m 2013 cho \u0111\u1ebfn nay, Hachi Gia Lai \u0111\u00e3 tr\u1edf th\u00e0nh \u0111\u1ed1i t\u00e1c tin c\u1eady c\u1ee7a nhi\u1ec1u nh\u00e3n h\u00e0ng l\u1edbn c\u00f3 uy t\u00edn v\u00e0 th\u01b0\u01a1ng hi\u1ec7u tr\u00ean th\u1ecb tr\u01b0\u1eddng qu\u1ed1c t\u1ebf: <strong>Magnolia, King&#8217;s c\u1ee7a F&amp;N, Rainbow Fantasia c\u1ee7a Thai BB fruit, Pink Rocket Topokki c\u1ee7a Young Poong.<\/strong><\/p>\n\n\n\n<p>Ch\u00fang t\u00f4i \u0111\u00e3 cung c\u1ea5p c\u00e1c s\u1ea3n ph\u1ea9m v\u00e0 l\u00e0 \u0111\u1ed1i t\u00e1c b\u1ec1n v\u1eefng c\u1ee7a h\u1ec7 th\u1ed1ng nh\u1eefng khu vui ch\u01a1i, khu du l\u1ecbch: <strong>Tiniworld, Snow Town, Kid Play Time, Fahasa, Family Mart, Ministop, B\u00e1ch H\u00f3a Xanh,&#8230;<\/strong><\/p>\n\n\n\n<p>Song song \u0111\u00f3, chu\u1ed7i c\u1eeda h\u00e0ng kem Mochi Mochi ch\u00ednh l\u00e0 k\u1ebft tinh c\u1ee7a t\u00ecnh th\u01b0\u01a1ng v\u00e0 kh\u00e1t v\u1ecdng mang \u0111\u1ebfn s\u1ef1 thay \u0111\u1ed5i v\u00e0 kh\u00e1c bi\u1ec7t. Hi\u1ec7n \u0111\u00e3 c\u00f3 3 chi nh\u00e1nh ch\u00ednh th\u1ee9c t\u1ea1i khu v\u1ef1c Gia Lai, Hu\u1ebf v\u00e0 H\u1ed3 Ch\u00ed Minh v\u00e0 nhi\u1ec1u c\u1eeda h\u00e0ng nh\u01b0\u1ee3ng quy\u1ec1n t\u1ea1i khu v\u1ef1c mi\u1ec1n Trung, T\u00e2y Nguy\u00ean. <\/p>\n\n\n\n<p><strong>Hachi Gia Lai<\/strong> lu\u00f4n kh\u00f4ng ng\u1eebng ti\u1ebfn l\u00ean, kh\u00f4ng ng\u1eebng thay \u0111\u1ed5i, nh\u01b0ng v\u1eabn kh\u00f4ng qu\u00ean \u0111i nh\u1eefng gi\u00e1 tr\u1ecb nh\u00e2n v\u0103n, s\u1ef1 y\u00eau th\u01b0\u01a1ng, ch\u00e2n th\u00e0nh, tin t\u01b0\u1edfng d\u00e0nh cho nhau. Ch\u00fang t\u00f4i &#8211; lu\u00f4n n\u1ed7 l\u1ef1c kh\u00f4ng ng\u1eebng v\u00ec s\u1ef1 nghi\u1ec7p, v\u00ec gia \u0111\u00ecnh, v\u00ec h\u00e0ng tr\u0103m ngh\u00ecn kh\u00e1ch h\u00e0ng \u0111\u00e3 \u0111\u1ed3ng h\u00e0nh v\u00e0 tin t\u01b0\u1edfng c\u00f9ng ch\u00fang t\u00f4i trong su\u1ed1t 8 n\u0103m v\u1eeba qua.<\/p>\n\n\n\n<h2 class=\"wp-block-heading\"><strong>Quy\u1ec1n l\u1ee3i khi tr\u1edf th\u00e0nh \u0111\u1ed1i t\u00e1c kinh doanh v\u1edbi Hachi Gia Lai <\/strong><\/h2>\n\n\n\n<ul class=\"wp-block-list\"><li>C\u00e1c s\u1ea3n ph\u1ea9m nh\u1eadp kh\u1ea9u c\u1ee7a Hachi Gia \u0111\u1ec1u c\u00f3 ngu\u1ed3n g\u1ed1c v\u00e0 xu\u1ea5t x\u1ee9 r\u00f5 r\u00e0ng. Nguy\u00ean li\u1ec7u \u0111\u00e3 qua ch\u1ecdn l\u1ecdc k\u1ef9 l\u01b0\u1ee1ng, quy tr\u00ecnh ch\u1ebf bi\u1ebfn v\u00e0 \u0111\u00f3ng g\u00f3i kh\u00e9p k\u00edn<\/li><li>S\u1ea3n ph\u1ea9m b\u1ea3o \u0111\u1ea3m \u0111\u00e1p \u1ee9ng \u0111\u01b0\u1ee3c m\u1ecdi ti\u00eau chu\u1ea9n v\u1ec1 an to\u00e0n v\u1ec7 sinh th\u1ef1c ph\u1ea9m, kh\u00f4ng ch\u1ee9a ph\u1ee5 gia g\u00e2y h\u1ea1i cho s\u1ee9c kh\u1ecfe ng\u01b0\u1eddi ti\u00eau d\u00f9ng <\/li><li>L\u1ed9 tr\u00ecnh ph\u00e1t tri\u1ec3n s\u1ea3n ph\u1ea9m chuy\u00ean nghi\u1ec7p, \u0111\u1ea1t hi\u1ec7u qu\u1ea3 cao, x\u00e2y d\u1ef1ng t\u1eeb th\u1ef1c ti\u1ec5n b\u1edfi \u0111\u1ed9i ng\u0169 nhi\u1ec1u n\u0103m kinh doanh, qu\u1ea3n l\u00fd v\u00e0 t\u01b0 v\u1ea5n <\/li><li> H\u1ed7 tr\u1ee3 h\u00ecnh \u1ea3nh PR, Marketing th\u01b0\u01a1ng hi\u1ec7u, qu\u1ea3ng b\u00e1 v\u00e0 x\u00e2y d\u1ef1ng chi\u1ebfn l\u01b0\u1ee3c ho\u1ea1t \u0111\u1ed9ng <\/li><li>Nhi\u1ec1u ch\u01b0\u01a1ng tr\u00ecnh \u01b0u \u0111\u00e3i v\u00e0 h\u1ed7 tr\u1ee3 \u0111\u1ed1i t\u00e1c kinh doanh <\/li><\/ul>\n\n\n\n<figure class=\"wp-block-video aligncenter\"><video height=\"720\" style=\"aspect-ratio: 1280 \/ 720;\" width=\"1280\" controls src=\"https:\/\/hachigl.vn\/wp-content\/uploads\/2020\/12\/Mochi-Mochi-live.mp4\"><\/video><\/figure>\n<\/div><\/div>\n\n\n\n<p><\/p>\n","protected":false},"excerpt":{"rendered":"<p>HACHI GIA LAI LIMITED COMPANY Nh\u1eadp kh\u1ea9u v\u00e0 ph\u00e2n ph\u1ed1i \u0111\u1ed9c quy\u1ec1n s\u1ea3n ph\u1ea9m kem F&amp;N t\u1ea1i Vi\u1ec7t Nam Head office : 04\/28 Tue Tinh street &#8211; Pleiku city &#8211; Gia Lai province, Vietnam HCM branch: 372 Huynh Van Banh street, ward 14, Phu Nhuan district, Ho Chi Minh city, Vietnam Tel: 02696 577 779 [&#8230;]\n","protected":false},"author":1,"featured_media":999,"parent":0,"menu_order":0,"comment_status":"closed","ping_status":"closed","template":"","meta":{"footnotes":""},"class_list":["post-336","page","type-page","status-publish","has-post-thumbnail","hentry"],"_links":{"self":[{"href":"https:\/\/hachigl.vn\/en\/wp-json\/wp\/v2\/pages\/336","targetHints":{"allow":["GET"]}}],"collection":[{"href":"https:\/\/hachigl.vn\/en\/wp-json\/wp\/v2\/pages"}],"about":[{"href":"https:\/\/hachigl.vn\/en\/wp-json\/wp\/v2\/types\/page"}],"author":[{"embeddable":true,"href":"https:\/\/hachigl.vn\/en\/wp-json\/wp\/v2\/users\/1"}],"replies":[{"embeddable":true,"href":"https:\/\/hachigl.vn\/en\/wp-json\/wp\/v2\/comments?post=336"}],"version-history":[{"count":31,"href":"https:\/\/hachigl.vn\/en\/wp-json\/wp\/v2\/pages\/336\/revisions"}],"predecessor-version":[{"id":1036,"href":"https:\/\/hachigl.vn\/en\/wp-json\/wp\/v2\/pages\/336\/revisions\/1036"}],"wp:featuredmedia":[{"embeddable":true,"href":"https:\/\/hachigl.vn\/en\/wp-json\/wp\/v2\/media\/999"}],"wp:attachment":[{"href":"https:\/\/hachigl.vn\/en\/wp-json\/wp\/v2\/media?parent=336"}],"curies":[{"name":"wp","href":"https:\/\/api.w.org\/{rel}","templated":true}]}}