{"id":581,"date":"2020-09-19T20:50:53","date_gmt":"2020-09-19T13:50:53","guid":{"rendered":"http:\/\/vgreenfood.com\/?page_id=581"},"modified":"2021-01-09T18:58:42","modified_gmt":"2021-01-09T11:58:42","slug":"contact-faq","status":"publish","type":"page","link":"https:\/\/hachigl.vn\/en\/contact-faq\/","title":{"rendered":"Contact"},"content":{"rendered":"\n<\/p>\n<div class=\"row\"  id=\"row-610755982\">\n\n\n\t<div id=\"col-187319686\" class=\"col medium-6 large-6\"  >\n\t\t<div class=\"col-inner\"  >\n\t\t\t\n\t\t\t\n\n<div class=\"container section-title-container\" ><h3 class=\"section-title section-title-normal\"><b><\/b><span class=\"section-title-main\" >Frequently Asked Questions<\/span><b><\/b><\/h3><\/div>\n\n<p>Please read FAQ before sending your request to Hachi Gia Lai<\/p>\n<div class=\"accordion\" rel=\"\">\n\n<div class=\"accordion-item\"><a href=\"#\" class=\"accordion-title plain\"><button class=\"toggle\"><i class=\"icon-angle-down\"><\/i><\/button><span>Hachi Gia Lai \u0111ang cung c\u1ea5p nh\u1eefng s\u1ea3n ph\u1ea9m g\u00ec ?<\/span><\/a><div class=\"accordion-inner\">\n\n<p>B\u00e1nh g\u1ea1o Topokki, K\u1eb9o Th\u00e1i B.B Fruit, Kem nh\u1eadp kh\u1ea9u: Kem h\u1ed9p, Kem h\u0169, Kem Hawker, Kem \u1ed1c qu\u1ebf, Kem c\u00e2y.<\/p>\n\n<\/div><\/div>\n<div class=\"accordion-item\"><a href=\"#\" class=\"accordion-title plain\"><button class=\"toggle\"><i class=\"icon-angle-down\"><\/i><\/button><span>Qu\u00fd c\u00f4ng ty b\u00e1n s\u1ec9, l\u1ebb khu v\u1ef1c n\u00e0o c\u1ee7a Vi\u1ec7t Nam ?<\/span><\/a><div class=\"accordion-inner\">\n\n<p>Hachi Gia Lai ph\u00e2n ph\u1ed1i, b\u00e1n s\u1ec9 v\u00e0 l\u1ebb t\u1ea1i Gia Lai, Kon Tum, \u0110\u1eafk L\u1eafk, TP. HCM, \u0110\u00e0 N\u1eb5ng, B\u00ecnh \u0110\u1ecbnh, v\u00e0 c\u00e1c t\u1ec9nh th\u00e0nh tr\u00ean to\u00e0n qu\u1ed1c.<\/p>\n\n<\/div><\/div>\n<div class=\"accordion-item\"><a href=\"#\" class=\"accordion-title plain\"><button class=\"toggle\"><i class=\"icon-angle-down\"><\/i><\/button><span>\u0110\u0103ng k\u00fd l\u00e0m \u0111\u1ea1i l\u00fd c\u1ea7n nh\u1eefng th\u1ee7 t\u1ee5c v\u00e0 y\u00eau c\u1ea7u g\u00ec ?<\/span><\/a><div class=\"accordion-inner\">\n\n<p>Hachi Gia Lai \u0111ang ph\u00e1t tri\u1ec3n k\u00eanh ph\u00e2n ph\u1ed1i, \u0111\u1ea1i l\u00fd kh\u1eafp Vi\u1ec7t Nam, L\u00e0o. Nhi\u1ec1u ch\u00ednh s\u00e1ch b\u00e1n h\u00e0ng, chi\u1ebft kh\u1ea5u h\u1ea5p d\u1eabn. Qu\u00fd kh\u00e1ch vui l\u00f2ng li\u00ean h\u1ec7 hotline: 0983 023 025 ho\u1eb7c email: hachi.ltd@gmail.com \u0111\u1ec3 bi\u1ebft th\u00eam chi ti\u1ebft.<\/p>\n\n<\/div><\/div>\n<div class=\"accordion-item\"><a href=\"#\" class=\"accordion-title plain\"><button class=\"toggle\"><i class=\"icon-angle-down\"><\/i><\/button><span>H\u00ecnh th\u1ee9c thanh to\u00e1n \u01b0u \u0111\u00e3i nh\u01b0 th\u1ebf n\u00e0o ?<\/span><\/a><div class=\"accordion-inner\">\n\n<p>Hachi Gia Lai \u00e1p d\u1ee5ng nhi\u1ec1u ch\u00ednh s\u00e1ch thanh to\u00e1n, c\u00f4ng n\u1ee3 \u0111\u1ed1i v\u1edbi \u0110\u1ea1i l\u00fd, \u0111\u1ed1i t\u00e1c. Kh\u00e1ch l\u1ebb: Thanh to\u00e1n ngay khi nh\u1eadn h\u00e0ng. H\u00ecnh th\u1ee9c: ti\u1ec1n m\u1eb7t ho\u1eb7c chuy\u1ec3n kho\u1ea3n.<\/p>\n\n<\/div><\/div>\n<div class=\"accordion-item\"><a href=\"#\" class=\"accordion-title plain\"><button class=\"toggle\"><i class=\"icon-angle-down\"><\/i><\/button><span>Th\u1eddi gian giao h\u00e0ng bao l\u00e2u ?<\/span><\/a><div class=\"accordion-inner\">\n\n<p>Ch\u00fang t\u00f4i cam k\u1ebft giao h\u00e0ng v\u00e0 gi\u00e1m s\u00e1t \u0111\u01a1n h\u00e0ng nhanh nh\u1ea5t c\u00f3 th\u1ec3 th\u00f4ng qua c\u00e1c d\u1ecbch v\u1ee5 giao h\u00e0ng uy t\u00edn: Grab Express, Viettel Post, Giao h\u00e0ng ti\u1ebft ki\u1ec7m, Giao h\u00e0ng nhanh, &#8230;. T\u1ed1i \u0111a trong v\u00f2ng 2 ng\u00e0y.<\/p>\n\n<\/div><\/div>\n<div class=\"accordion-item\"><a href=\"#\" class=\"accordion-title plain\"><button class=\"toggle\"><i class=\"icon-angle-down\"><\/i><\/button><span>\u0110\u1ed5i tr\u1ea3 h\u00e0ng nh\u01b0 th\u1ebf n\u00e0o ?<\/span><\/a><div class=\"accordion-inner\">\n\n<p>N\u1ebfu h\u00e0ng giao kh\u00f4ng \u0111\u00fang ch\u1ea5t l\u01b0\u1ee3ng, cam k\u1ebft, Qu\u00fd kh\u00e1ch c\u00f3 th\u1ec3 ho\u00e0n tr\u1ea3 l\u1ea1i cho ch\u00fang t\u00f4i tr\u1ef1c ti\u1ebfp t\u1ea1i v\u0103n ph\u00f2ng ho\u1eb7c qua \u0111\u1ea1i l\u00fd. Hachi Gia Lai cam k\u1ebft ho\u00e0n tr\u1ea3 l\u1ea1i ti\u1ec1n cho Qu\u00fd kh\u00e1ch.<\/p>\n\n<\/div><\/div>\n<div class=\"accordion-item\"><a href=\"#\" class=\"accordion-title plain\"><button class=\"toggle\"><i class=\"icon-angle-down\"><\/i><\/button><span>Th\u00f4ng tin li\u00ean h\u1ec7 Hachi Gia Lai<\/span><\/a><div class=\"accordion-inner\">\n\n<p>C\u00f4ng Ty TNHH HACHI Gia lai<\/p>\n<p>\u0110\u1ecba ch\u1ec9: 04 Tu\u1ec7 T\u0129nh, TP. Pleiku, Gia Lai<\/p>\n<p>\u0110T: 02696577779 &#8211; 0983023025<\/p>\n<p>Website: https:\/\/hachigl.vn<\/p>\n<p>Email: hachi.ltd@gmail.com<\/p>\n\n<\/div><\/div>\n\n<\/div>\n\n\t\t<\/div>\n\t\t\t<\/div>\n\n\t\n\n\t<div id=\"col-1214368017\" class=\"col medium-6 large-6\"  >\n\t\t<div class=\"col-inner\"  >\n\t\t\t\n\t\t\t\n\n<div class=\"container section-title-container\" ><h3 class=\"section-title section-title-normal\"><b><\/b><span class=\"section-title-main\" >Send your request to hachi gia lai<\/span><b><\/b><\/h3><\/div>\n\n[contact-form-7 id=&#8221;5&#8243;]\n\n\n\t\t<\/div>\n\t\t\t<\/div>\n\n\t\n\n<\/div>\n\n","protected":false},"excerpt":{"rendered":"","protected":false},"author":1,"featured_media":0,"parent":0,"menu_order":0,"comment_status":"closed","ping_status":"closed","template":"","meta":{"footnotes":""},"class_list":["post-581","page","type-page","status-publish","hentry"],"_links":{"self":[{"href":"https:\/\/hachigl.vn\/en\/wp-json\/wp\/v2\/pages\/581","targetHints":{"allow":["GET"]}}],"collection":[{"href":"https:\/\/hachigl.vn\/en\/wp-json\/wp\/v2\/pages"}],"about":[{"href":"https:\/\/hachigl.vn\/en\/wp-json\/wp\/v2\/types\/page"}],"author":[{"embeddable":true,"href":"https:\/\/hachigl.vn\/en\/wp-json\/wp\/v2\/users\/1"}],"replies":[{"embeddable":true,"href":"https:\/\/hachigl.vn\/en\/wp-json\/wp\/v2\/comments?post=581"}],"version-history":[{"count":8,"href":"https:\/\/hachigl.vn\/en\/wp-json\/wp\/v2\/pages\/581\/revisions"}],"predecessor-version":[{"id":1034,"href":"https:\/\/hachigl.vn\/en\/wp-json\/wp\/v2\/pages\/581\/revisions\/1034"}],"wp:attachment":[{"href":"https:\/\/hachigl.vn\/en\/wp-json\/wp\/v2\/media?parent=581"}],"curies":[{"name":"wp","href":"https:\/\/api.w.org\/{rel}","templated":true}]}}